{"id":72,"date":"2021-08-26T12:47:04","date_gmt":"2021-08-26T10:47:04","guid":{"rendered":"https:\/\/avpcelportdelaselva.cat\/blog\/?page_id=72"},"modified":"2021-08-26T12:47:04","modified_gmt":"2021-08-26T10:47:04","slug":"inscripcio-nou-soci-infantil","status":"publish","type":"page","link":"https:\/\/avpcelportdelaselva.cat\/blog\/inscripcio-nou-soci-infantil\/","title":{"rendered":"Inscripci\u00f3 nou soci infantil"},"content":{"rendered":"<p style=\"text-align: center;\"><strong>Els camps marcats amb (*) s\u00f3n obligatoris<\/strong><\/p>\n<hr class=\"my-4\"><form method=\"POST\" class=\"form-horizontal wpsocios-form needs-validation\" novalidate=\"\"><input type=\"hidden\" id=\"socios_acquisition_form_nonce\" name=\"socios_acquisition_form_nonce\" value=\"b8dddbd8b6\" \/><input type=\"hidden\" name=\"_wp_http_referer\" value=\"\/blog\/wp-json\/wp\/v2\/pages\/72\" \/><input type=\"hidden\" name=\"wpsocios_form[tipoid]\" value=\"3\" \/><div class=\"form-group row\"><label class=\"control-label col-lg-4 col-md-4 col-sm-4 col-xs-12\" for=\"wpsocios_form_tutorname\">Pare\/Mare\/Tutor (*) :<\/label><div class=\"col-lg-8 col-md-8 col-sm-8 col-xs-12\"><input id=\"wpsocios_form_tutorname\" class=\"form-control\" name=\"wpsocios_form[tutorname]\" value=\"\" type=\"text\" \/><\/div><\/div><div class=\"form-group row\"><label class=\"control-label col-lg-4 col-md-4 col-sm-4 col-xs-12\" for=\"wpsocios_form_tutordni\">DNI del tutor (*) :<\/label><div class=\"col-lg-8 col-md-8 col-sm-8 col-xs-12\"><input id=\"wpsocios_form_tutordni\" class=\"form-control\" name=\"wpsocios_form[tutordni]\" value=\"\" type=\"text\" \/><\/div><\/div><div class=\"form-group row\"><label class=\"control-label col-lg-4 col-md-4 col-sm-4 col-xs-12\" for=\"wpsocios_form_tutornsoci\">Num Soci del Tutor (*) :<\/label><div class=\"col-lg-8 col-md-8 col-sm-8 col-xs-12\"><input id=\"wpsocios_form_tutornsoci\" class=\"form-control\" name=\"wpsocios_form[tutornsoci]\" value=\"\" type=\"text\" \/><\/div><\/div><div class=\"form-group row\"><label class=\"control-label col-lg-4 col-md-4 col-sm-4 col-xs-12\" for=\"wpsocios_form_name\">Nom i Cognoms (*) :<\/label><div class=\"col-lg-8 col-md-8 col-sm-8 col-xs-12\"><input id=\"wpsocios_form_name\" class=\"form-control\" name=\"wpsocios_form[name]\" value=\"\" type=\"text\" \/><\/div><\/div><div class=\"form-group row\"><label class=\"control-label col-lg-4 col-md-4 col-sm-4 col-xs-12\" for=\"wpsocios_form_dninif\">DNI :<\/label><div class=\"col-lg-8 col-md-8 col-sm-8 col-xs-12\"><input id=\"wpsocios_form_dninif\" class=\"form-control\" name=\"wpsocios_form[dninif]\" value=\"\" type=\"text\" \/><\/div><\/div><div class=\"form-group row\"><label class=\"control-label col-lg-4 col-md-4 col-sm-4 col-xs-12\" for=\"wpsocios_form_fechanaci\">D.Naixement (*) :<\/label><div class=\"col-lg-8 col-md-8 col-sm-8 col-xs-12\"><input id=\"wpsocios_form_fechanaci\" class=\"form-control fechanaci\" name=\"wpsocios_form[fechanaci]\" value=\"\" type=\"text\" placeholder=\"dd-mm-yyyy\"  maxlength=\"10\" style=\"width:130px;\" \/><\/div><\/div><div class=\"form-group row\"><label class=\"control-label col-lg-4 col-md-4 col-sm-4 col-xs-12\" for=\"wpsocios_form_direccion\">Adre\u00e7a :<\/label><div class=\"col-lg-8 col-md-8 col-sm-8 col-xs-12\"><input id=\"wpsocios_form_direccion\" class=\"form-control\" name=\"wpsocios_form[direccion]\" value=\"\" type=\"text\" \/><\/div><\/div><div class=\"form-group row\"><label class=\"control-label col-lg-4 col-md-4 col-sm-4 col-xs-12\" for=\"wpsocios_form_poblacion\">Poblaci\u00f3 :<\/label><div class=\"col-lg-3 col-md-3 col-sm-4 col-xs-12\"><input id=\"codpos\" class=\"form-control\" name=\"wpsocios_form[codpos]\" value=\"\" type=\"text\" \/><\/div><div class=\"col-lg-5 col-md-5 col-sm-5 col-xs-12\"><input id=\"wpsocios_form_poblacion\" class=\"form-control\" name=\"wpsocios_form[poblacion]\" value=\"\" type=\"text\" \/><\/div><\/div><div class=\"form-group row\"><label class=\"control-label col-lg-4 col-md-4 col-sm-4 col-xs-12\" for=\"wpsocios_form_provincia\">Provincia :<\/label><div class=\"col-lg-8 col-md-8 col-sm-8 col-xs-12\"><input id=\"wpsocios_form_provincia\" class=\"form-control\" name=\"wpsocios_form[provincia]\" value=\"\" type=\"text\" \/><\/div><\/div><div class=\"form-group row\"><label class=\"control-label col-lg-4 col-md-4 col-sm-4 col-xs-12\" for=\"wpsocios_form_iban\">N\u00ba C.C. :<\/label><div class=\"col-lg-8 col-md-8 col-sm-8 col-xs-12\"><input id=\"wpsocios_form_iban\" class=\"form-control\" name=\"wpsocios_form[iban]\" value=\"\" type=\"text\" placeholder=\"____-____-__-__________\"  maxlength=\"24\" style=\"width:280px;\" \/><\/div><\/div><hr class=\"my-4\"><p><b><u>Sol\u00b7licita<\/u><\/b> ser soci\/s\u00f2cia de l`AVPC de El Port de la Selva amb una quota <b><u>ANUAL<\/u><\/b> de:<\/p><ul id=\"wpsocios-precios\" class=\"listprecios\"><li><div class=\"form-check\"><input class=\"form-check-input\" type=\"radio\" id=\"precio-1\" name=\"wpsocios_form[quotaanual]\" value=\"10\"  checked><label class=\"form-check-label\" for=\"precio-1\">10\u20ac (Quota m\u00ednima)<\/label><\/div><\/li><li><div class=\"form-check\"><input class=\"form-check-input\" type=\"radio\" id=\"precio-2\" name=\"wpsocios_form[quotaanual]\" value=\"20\" ><label class=\"form-check-label\" for=\"precio-2\">20\u20ac<\/label><\/div><\/li><li><div class=\"form-check\"><input class=\"form-check-input\" type=\"radio\" id=\"precio-3\" name=\"wpsocios_form[quotaanual]\" value=\"50\" ><label class=\"form-check-label\" for=\"precio-3\">50\u20ac<\/label><\/div><\/li><li><div class=\"form-check\"><input class=\"form-check-input\" type=\"radio\" id=\"precio-4\" name=\"wpsocios_form[quotaanual]\" value=\"999999\" ><label class=\"form-check-label\" for=\"precio-4\">Altre quantitat _____ \u20ac<\/label><\/div><\/li><\/ul><hr class=\"my-4\"><p><b><u>Forma de pagamanet :<\/u><\/b> La 1\u00aa quota s`haur\u00e0 de pagar en el moment de donar-se d`alta. Les seg\u00fcents quotes es pagaran durant el mes de gener dels anys posteriors, de la seg\u00fcent forma:<\/p><ul id=\"wpsocios-fp\" class=\"listfp\"><li><div class=\"form-check\"><input class=\"form-check-input\" type=\"radio\" id=\"fp-2\" name=\"wpsocios_form[formapago]\" value=\"2\"  checked><label class=\"form-check-label\" for=\"fp-2\">Ingr\u00e9s al compte de l`AVPC (BBVA: ES43 0182 3640 5902 0154 0762)<\/label><\/div><\/li><li><div class=\"form-check\"><input class=\"form-check-input\" type=\"radio\" id=\"fp-1\" name=\"wpsocios_form[formapago]\" value=\"1\"  checked><label class=\"form-check-label\" for=\"fp-1\">Rebut domiciliat al compte del soci\/a<\/label><\/div><\/li><\/ul><hr class=\"my-4\"><button type=\"submit\" class=\"btn btn-primary wpsocios-button\" name=\"socios_acquisition_form\">Enviar<\/button><\/form>\n","protected":false},"excerpt":{"rendered":"<p>Els camps marcats amb (*) s\u00f3n obligatoris [&#8230;]<\/p>\n<p><a class=\"btn btn-secondary understrap-read-more-link\" href=\"https:\/\/avpcelportdelaselva.cat\/blog\/inscripcio-nou-soci-infantil\/\">Llegir m\u00e9s &#8230;<\/a><\/p>\n","protected":false},"author":1,"featured_media":0,"parent":0,"menu_order":0,"comment_status":"closed","ping_status":"closed","template":"","meta":{"footnotes":""},"class_list":["post-72","page","type-page","status-publish","hentry"],"_links":{"self":[{"href":"https:\/\/avpcelportdelaselva.cat\/blog\/wp-json\/wp\/v2\/pages\/72","targetHints":{"allow":["GET"]}}],"collection":[{"href":"https:\/\/avpcelportdelaselva.cat\/blog\/wp-json\/wp\/v2\/pages"}],"about":[{"href":"https:\/\/avpcelportdelaselva.cat\/blog\/wp-json\/wp\/v2\/types\/page"}],"author":[{"embeddable":true,"href":"https:\/\/avpcelportdelaselva.cat\/blog\/wp-json\/wp\/v2\/users\/1"}],"replies":[{"embeddable":true,"href":"https:\/\/avpcelportdelaselva.cat\/blog\/wp-json\/wp\/v2\/comments?post=72"}],"version-history":[{"count":1,"href":"https:\/\/avpcelportdelaselva.cat\/blog\/wp-json\/wp\/v2\/pages\/72\/revisions"}],"predecessor-version":[{"id":73,"href":"https:\/\/avpcelportdelaselva.cat\/blog\/wp-json\/wp\/v2\/pages\/72\/revisions\/73"}],"wp:attachment":[{"href":"https:\/\/avpcelportdelaselva.cat\/blog\/wp-json\/wp\/v2\/media?parent=72"}],"curies":[{"name":"wp","href":"https:\/\/api.w.org\/{rel}","templated":true}]}}