{"id":65,"date":"2021-08-26T12:40:57","date_gmt":"2021-08-26T10:40:57","guid":{"rendered":"https:\/\/avpcelportdelaselva.cat\/blog\/?page_id=65"},"modified":"2021-08-26T12:42:16","modified_gmt":"2021-08-26T10:42:16","slug":"inscripcio-nou-soci-persona-fisica","status":"publish","type":"page","link":"https:\/\/avpcelportdelaselva.cat\/blog\/inscripcio-nou-soci-persona-fisica\/","title":{"rendered":"Inscripci\u00f3 nou soci (Persona f\u00edsica)"},"content":{"rendered":"<p style=\"text-align: center;\"><strong>Els camps marcats amb (*) s\u00f3n obligatoris<\/strong><\/p>\n<hr class=\"my-4\"><form method=\"POST\" class=\"form-horizontal wpsocios-form needs-validation\" novalidate=\"\"><input type=\"hidden\" id=\"socios_acquisition_form_nonce\" name=\"socios_acquisition_form_nonce\" value=\"b8dddbd8b6\" \/><input type=\"hidden\" name=\"_wp_http_referer\" value=\"\/blog\/wp-json\/wp\/v2\/pages\/65\" \/><input type=\"hidden\" name=\"wpsocios_form[tipoid]\" value=\"1\" \/><div class=\"form-group row\"><label class=\"control-label col-lg-4 col-md-4 col-sm-4 col-xs-12\" for=\"wpsocios_form_name\">Nom i Cognoms (*) :<\/label><div class=\"col-lg-8 col-md-8 col-sm-8 col-xs-12\"><input id=\"wpsocios_form_name\" class=\"form-control\" name=\"wpsocios_form[name]\" value=\"\" type=\"text\" \/><\/div><\/div><div class=\"form-group row\"><label class=\"control-label col-lg-4 col-md-4 col-sm-4 col-xs-12\" for=\"wpsocios_form_dninif\">DNI (*) :<\/label><div class=\"col-lg-8 col-md-8 col-sm-8 col-xs-12\"><input id=\"wpsocios_form_dninif\" class=\"form-control\" name=\"wpsocios_form[dninif]\" value=\"\" type=\"text\" \/><\/div><\/div><div class=\"form-group row\"><label class=\"control-label col-lg-4 col-md-4 col-sm-4 col-xs-12\" for=\"wpsocios_form_fechanaci\">D.Naixement :<\/label><div class=\"col-lg-8 col-md-8 col-sm-8 col-xs-12\"><input id=\"wpsocios_form_fechanaci\" class=\"form-control fechanaci\" name=\"wpsocios_form[fechanaci]\" value=\"\" type=\"text\" placeholder=\"dd-mm-yyyy\"  maxlength=\"10\" style=\"width:130px;\" \/><\/div><\/div><div class=\"form-group row\"><label class=\"control-label col-lg-4 col-md-4 col-sm-4 col-xs-12\" for=\"wpsocios_form_direccion\">Adre\u00e7a :<\/label><div class=\"col-lg-8 col-md-8 col-sm-8 col-xs-12\"><input id=\"wpsocios_form_direccion\" class=\"form-control\" name=\"wpsocios_form[direccion]\" value=\"\" type=\"text\" \/><\/div><\/div><div class=\"form-group row\"><label class=\"control-label col-lg-4 col-md-4 col-sm-4 col-xs-12\" for=\"wpsocios_form_poblacion\">Poblaci\u00f3 :<\/label><div class=\"col-lg-3 col-md-3 col-sm-4 col-xs-12\"><input id=\"codpos\" class=\"form-control\" name=\"wpsocios_form[codpos]\" value=\"\" type=\"text\" \/><\/div><div class=\"col-lg-5 col-md-5 col-sm-5 col-xs-12\"><input id=\"wpsocios_form_poblacion\" class=\"form-control\" name=\"wpsocios_form[poblacion]\" value=\"\" type=\"text\" \/><\/div><\/div><div class=\"form-group row\"><label class=\"control-label col-lg-4 col-md-4 col-sm-4 col-xs-12\" for=\"wpsocios_form_provincia\">Provincia :<\/label><div class=\"col-lg-8 col-md-8 col-sm-8 col-xs-12\"><input id=\"wpsocios_form_provincia\" class=\"form-control\" name=\"wpsocios_form[provincia]\" value=\"\" type=\"text\" \/><\/div><\/div><div class=\"form-group row\"><label class=\"control-label col-lg-4 col-md-4 col-sm-4 col-xs-12\" for=\"wpsocios_form_telefono\">Tel\u00e8fon (*) :<\/label><div class=\"col-lg-8 col-md-8 col-sm-8 col-xs-12\"><input id=\"wpsocios_form_telefono\" class=\"form-control\" name=\"wpsocios_form[telefono]\" value=\"\" type=\"text\" \/><\/div><\/div><div class=\"form-group row\"><label class=\"control-label col-lg-4 col-md-4 col-sm-4 col-xs-12\" for=\"wpsocios_form_email\">Email (*) :<\/label><div class=\"col-lg-8 col-md-8 col-sm-8 col-xs-12\"><input id=\"wpsocios_form_email\" class=\"form-control\" name=\"wpsocios_form[email]\" type=\"email\" value=\"\" autocomplete=\"email\" \/><\/div><\/div><div class=\"form-group row\"><label class=\"control-label col-lg-4 col-md-4 col-sm-4 col-xs-12\" for=\"wpsocios_form_iban\">N\u00ba C.C. :<\/label><div class=\"col-lg-8 col-md-8 col-sm-8 col-xs-12\"><input id=\"wpsocios_form_iban\" class=\"form-control\" name=\"wpsocios_form[iban]\" value=\"\" type=\"text\" placeholder=\"____-____-__-__________\"  maxlength=\"24\" style=\"width:280px;\" \/><\/div><\/div><hr class=\"my-4\"><p><b><u>Sol\u00b7licita<\/u><\/b> ser soci\/s\u00f2cia de l`AVPC de El Port de la Selva amb una quota <b><u>ANUAL<\/u><\/b> de:<\/p><ul id=\"wpsocios-precios\" class=\"listprecios\"><li><div class=\"form-check\"><input class=\"form-check-input\" type=\"radio\" id=\"precio-1\" name=\"wpsocios_form[quotaanual]\" value=\"10\"  checked><label class=\"form-check-label\" for=\"precio-1\">10\u20ac (Quota m\u00ednima)<\/label><\/div><\/li><li><div class=\"form-check\"><input class=\"form-check-input\" type=\"radio\" id=\"precio-2\" name=\"wpsocios_form[quotaanual]\" value=\"20\" ><label class=\"form-check-label\" for=\"precio-2\">20\u20ac<\/label><\/div><\/li><li><div class=\"form-check\"><input class=\"form-check-input\" type=\"radio\" id=\"precio-3\" name=\"wpsocios_form[quotaanual]\" value=\"50\" ><label class=\"form-check-label\" for=\"precio-3\">50\u20ac<\/label><\/div><\/li><li><div class=\"form-check\"><input class=\"form-check-input\" type=\"radio\" id=\"precio-4\" name=\"wpsocios_form[quotaanual]\" value=\"100\" ><label class=\"form-check-label\" for=\"precio-4\">100\u20ac<\/label><\/div><\/li><li><div class=\"form-check\"><input class=\"form-check-input\" type=\"radio\" id=\"precio-5\" name=\"wpsocios_form[quotaanual]\" value=\"999999\" ><label class=\"form-check-label\" for=\"precio-5\">Altra Quantiat _______ \u20ac<\/label><\/div><\/li><\/ul><hr class=\"my-4\"><p><b><u>Forma de pagamanet :<\/u><\/b> La 1\u00aa quota s`haur\u00e0 de pagar en el moment de donar-se d`alta. Les seg\u00fcents quotes es pagaran durant el mes de gener dels anys posteriors, de la seg\u00fcent forma:<\/p><ul id=\"wpsocios-fp\" class=\"listfp\"><li><div class=\"form-check\"><input class=\"form-check-input\" type=\"radio\" id=\"fp-1\" name=\"wpsocios_form[formapago]\" value=\"1\"  checked><label class=\"form-check-label\" for=\"fp-1\">Rebut domiciliat al compte del soci\/a<\/label><\/div><\/li><\/ul><hr class=\"my-4\"><button type=\"submit\" class=\"btn btn-primary wpsocios-button\" name=\"socios_acquisition_form\">Enviar<\/button><\/form>\n","protected":false},"excerpt":{"rendered":"<p>Els camps marcats amb (*) s\u00f3n obligatoris [&#8230;]<\/p>\n<p><a class=\"btn btn-secondary understrap-read-more-link\" href=\"https:\/\/avpcelportdelaselva.cat\/blog\/inscripcio-nou-soci-persona-fisica\/\">Llegir m\u00e9s &#8230;<\/a><\/p>\n","protected":false},"author":1,"featured_media":0,"parent":0,"menu_order":0,"comment_status":"closed","ping_status":"closed","template":"","meta":{"footnotes":""},"class_list":["post-65","page","type-page","status-publish","hentry"],"_links":{"self":[{"href":"https:\/\/avpcelportdelaselva.cat\/blog\/wp-json\/wp\/v2\/pages\/65","targetHints":{"allow":["GET"]}}],"collection":[{"href":"https:\/\/avpcelportdelaselva.cat\/blog\/wp-json\/wp\/v2\/pages"}],"about":[{"href":"https:\/\/avpcelportdelaselva.cat\/blog\/wp-json\/wp\/v2\/types\/page"}],"author":[{"embeddable":true,"href":"https:\/\/avpcelportdelaselva.cat\/blog\/wp-json\/wp\/v2\/users\/1"}],"replies":[{"embeddable":true,"href":"https:\/\/avpcelportdelaselva.cat\/blog\/wp-json\/wp\/v2\/comments?post=65"}],"version-history":[{"count":4,"href":"https:\/\/avpcelportdelaselva.cat\/blog\/wp-json\/wp\/v2\/pages\/65\/revisions"}],"predecessor-version":[{"id":69,"href":"https:\/\/avpcelportdelaselva.cat\/blog\/wp-json\/wp\/v2\/pages\/65\/revisions\/69"}],"wp:attachment":[{"href":"https:\/\/avpcelportdelaselva.cat\/blog\/wp-json\/wp\/v2\/media?parent=65"}],"curies":[{"name":"wp","href":"https:\/\/api.w.org\/{rel}","templated":true}]}}