{"id":55,"date":"2021-08-11T11:02:13","date_gmt":"2021-08-11T09:02:13","guid":{"rendered":"https:\/\/avpcelportdelaselva.cat\/blog\/?page_id=55"},"modified":"2021-08-26T13:11:31","modified_gmt":"2021-08-26T11:11:31","slug":"fer-te-soci","status":"publish","type":"page","link":"https:\/\/avpcelportdelaselva.cat\/blog\/fer-te-soci\/","title":{"rendered":"Fer-te soci"},"content":{"rendered":"<h3>Vols formar-ne part?<\/h3>\n<p>Tens dues opcions :<\/p>\n<ol>\n<li>Fes-te&#8217;n soci<\/li>\n<li>Fes-te&#8217;n soci i voluntari del grup d&#8217;actuaci\u00f3<\/li>\n<\/ol>\n<h4>1. Soci<\/h4>\n<p style=\"text-align: justify;\">En el primer cas has d&#8217;omplir el full de sol\u00b7licitud i el de domiciliaci\u00f3 bancaria, adjuntar una fotoc\u00f2pia del DNI.<\/p>\n<div class=\"row\">\n<div class=\"col-lg-4 col-md-4 col-sm-12 col-xs-12\">\n<div class=\"alert alert-primary\">\n<h5 class=\"card-title\">SOCI : Persona f\u00edsica<\/h5>\n<p>Fes-te soci de la associaci\u00f3 de voluntaris.<\/p>\n<p style=\"text-align: right;\"><a href=\"https:\/\/avpcelportdelaselva.cat\/blog\/inscripcio-nou-soci-persona-fisica\/\" class=\"alert-link\">Apunta&#8217;t aqu\u00ed<\/a><\/p>\n<\/div>\n<\/div>\n<div class=\"col-lg-4 col-md-4 col-sm-12 col-xs-12\">\n<div class=\"alert alert-success\">\n<h5 class=\"card-title\">SOCI : Empresa<\/h5>\n<p>Fes que la teva empresa sigui soci<\/p>\n<p style=\"text-align: right;\"><a href=\"https:\/\/avpcelportdelaselva.cat\/blog\/inscripcio-nou-soci-empresa\/\" class=\"alert-link\">Apunta&#8217;t aqu\u00ed<\/a><\/p>\n<\/div>\n<\/div>\n<div class=\"col-lg-4 col-md-4 col-sm-12 col-xs-12\">\n<div class=\"alert alert-secondary\">\n<h5 class=\"card-title\">SOCI : Infantil<\/h5>\n<p>No hi ha edat minima. Tu tamb\u00e8 pots ser soci<\/p>\n<p style=\"text-align: right;\"><a href=\"https:\/\/avpcelportdelaselva.cat\/blog\/inscripcio-nou-soci-infantil\/\" class=\"alert-link\">Apunta&#8217;t aqu\u00ed<\/a><\/p>\n<\/div>\n<\/div>\n<\/div>\n<hr \/>\n<h4>2. Soci i voluntari del grup d&#8217;actuaci\u00f3<\/h4>\n<p style=\"text-align: justify;\">En el segon cas a m\u00e9s a m\u00e9s has de portar\u00a02 fotografies de carnet, un certificat metge que digui que pots col\u00b7laborar en els tasques pr\u00f2pies de l&#8217;associaci\u00f3 i el document de declaraci\u00f3 jurada, tamb\u00e9 haur\u00e0s de fer un curs de formaci\u00f3.<\/p>\n<p>Un cop fet aix\u00f2 l&#8217;ajuntament far\u00e0 el nomenament dels membres de l\u2019AVPC com a voluntaris de protecci\u00f3 civil del Port de la Selva.<\/p>\n<p>El voluntari del grup d&#8217;actuaci\u00f3\u00a0signar\u00e0 un document de comprom\u00eds acceptant la normativa i la planificaci\u00f3 aplicables en mat\u00e8ria de protecci\u00f3 civil i comprometent-se a executar les tasques que li siguin encomanades per les autoritats competents.<\/p>\n<h3>Informaci\u00f3 addicional<\/h3>\n<ul>\n<li><a href=\"https:\/\/docs.gestionaweb.cat\/1349\/full-sollicitud-avpc-del-port-de-la-selva.pdf\" target=\"_blank\" rel=\"noopener\">Full de sol\u00b7licitud Associaci\u00f3 de Voluntaris de Protecci\u00f3 Civil<\/a><\/li>\n<li><a href=\"https:\/\/docs.gestionaweb.cat\/1349\/fulldedomiciliaciobancariaavpc-ps.pdf\" target=\"_blank\" rel=\"noopener\">Full de domiciliaci\u00f3 bancaria Associaci\u00f3 de Voluntaris de Protecci\u00f3 Civil<\/a><\/li>\n<li><a href=\"https:\/\/docs.gestionaweb.cat\/1349\/full-declaracio-jurada-avpc-ps.pdf\" target=\"_blank\" rel=\"noopener\">Full de declaraci\u00f3 jurada Associaci\u00f3 de Voluntaris de Protecci\u00f3 Civil<\/a><\/li>\n<\/ul>\n<p><img loading=\"lazy\" decoding=\"async\" src=\"https:\/\/avpcelportdelaselva.cat\/blog\/wp-content\/uploads\/2021\/08\/voluntari-1024x262-1.png\" alt=\"\" class=\"aligncenter size-full wp-image-57\" width=\"1024\" height=\"262\" srcset=\"https:\/\/avpcelportdelaselva.cat\/blog\/wp-content\/uploads\/2021\/08\/voluntari-1024x262-1.png 1024w, https:\/\/avpcelportdelaselva.cat\/blog\/wp-content\/uploads\/2021\/08\/voluntari-1024x262-1-300x77.png 300w, https:\/\/avpcelportdelaselva.cat\/blog\/wp-content\/uploads\/2021\/08\/voluntari-1024x262-1-768x197.png 768w\" sizes=\"auto, (max-width: 1024px) 100vw, 1024px\" \/><\/p>\n","protected":false},"excerpt":{"rendered":"<p>Vols formar-ne part? Tens dues opcions : Fes-te&#8217;n soci Fes-te&#8217;n soci i voluntari del grup d&#8217;actuaci\u00f3 1. Soci En el primer cas has d&#8217;omplir el full de sol\u00b7licitud i el de domiciliaci\u00f3 bancaria, adjuntar una fotoc\u00f2pia del DNI. SOCI : Persona f\u00edsica Fes-te soci de la associaci\u00f3 de voluntaris. Apunta&#8217;t aqu\u00ed SOCI : Empresa Fes [&#8230;]<\/p>\n<p><a class=\"btn btn-secondary understrap-read-more-link\" href=\"https:\/\/avpcelportdelaselva.cat\/blog\/fer-te-soci\/\">Llegir m\u00e9s &#8230;<\/a><\/p>\n","protected":false},"author":1,"featured_media":0,"parent":0,"menu_order":0,"comment_status":"closed","ping_status":"closed","template":"","meta":{"footnotes":""},"class_list":["post-55","page","type-page","status-publish","hentry"],"_links":{"self":[{"href":"https:\/\/avpcelportdelaselva.cat\/blog\/wp-json\/wp\/v2\/pages\/55","targetHints":{"allow":["GET"]}}],"collection":[{"href":"https:\/\/avpcelportdelaselva.cat\/blog\/wp-json\/wp\/v2\/pages"}],"about":[{"href":"https:\/\/avpcelportdelaselva.cat\/blog\/wp-json\/wp\/v2\/types\/page"}],"author":[{"embeddable":true,"href":"https:\/\/avpcelportdelaselva.cat\/blog\/wp-json\/wp\/v2\/users\/1"}],"replies":[{"embeddable":true,"href":"https:\/\/avpcelportdelaselva.cat\/blog\/wp-json\/wp\/v2\/comments?post=55"}],"version-history":[{"count":18,"href":"https:\/\/avpcelportdelaselva.cat\/blog\/wp-json\/wp\/v2\/pages\/55\/revisions"}],"predecessor-version":[{"id":87,"href":"https:\/\/avpcelportdelaselva.cat\/blog\/wp-json\/wp\/v2\/pages\/55\/revisions\/87"}],"wp:attachment":[{"href":"https:\/\/avpcelportdelaselva.cat\/blog\/wp-json\/wp\/v2\/media?parent=55"}],"curies":[{"name":"wp","href":"https:\/\/api.w.org\/{rel}","templated":true}]}}