{"id":37,"date":"2021-08-11T10:19:17","date_gmt":"2021-08-11T08:19:17","guid":{"rendered":"https:\/\/avpcelportdelaselva.cat\/blog\/?page_id=37"},"modified":"2021-08-27T09:14:05","modified_gmt":"2021-08-27T07:14:05","slug":"proteccio-civil-municipal","status":"publish","type":"page","link":"https:\/\/avpcelportdelaselva.cat\/blog\/","title":{"rendered":"Protecci\u00f3 Civil Municipal"},"content":{"rendered":"<h2>Qui som?<\/h2>\n<p><img loading=\"lazy\" decoding=\"async\" src=\"https:\/\/avpcelportdelaselva.cat\/blog\/wp-content\/uploads\/2021\/08\/logo_trans-300x300.png\" alt=\"\" class=\"size-medium wp-image-13 alignright\" width=\"300\" height=\"300\" srcset=\"https:\/\/avpcelportdelaselva.cat\/blog\/wp-content\/uploads\/2021\/08\/logo_trans-300x300.png 300w, https:\/\/avpcelportdelaselva.cat\/blog\/wp-content\/uploads\/2021\/08\/logo_trans-150x150.png 150w, https:\/\/avpcelportdelaselva.cat\/blog\/wp-content\/uploads\/2021\/08\/logo_trans.png 319w\" sizes=\"auto, (max-width: 300px) 100vw, 300px\" \/><\/p>\n<p style=\"text-align: justify;\">L\u00b4Associaci\u00f3 de voluntaris de Protecci\u00f3 civil del Port de la Selva neix a principis del 2011 amb la voluntat de donar cabuda a l\u00b4organitzaci\u00f3 i gesti\u00f3 d\u00b4activitats d\u00b4un grup de ciutadans que, de manera volunt\u00e0ria i desinteressada, volien oferir col.laboraci\u00f3 a necessitats del municipi en el camp de la protecci\u00f3 a la ciutadania.<\/p>\n<h2>On estem?<\/h2>\n<p>Carreteta GIV-6121, km 0.450<br \/>\n17489 &#8211; El Port de la Selva<br \/>\nGirona<br \/>\nTel. 689 87 59 21<br \/>\n<a href=\"https:\/\/goo.gl\/maps\/xzvGZ3Cp529eAJRu5\" target=\"_blank\" rel=\"noopener\"><i class=\"fa fa-map-marker\" aria-hidden=\"true\"><\/i> Mapa Google<\/a><\/p>\n<h2>Servei de socorrisme i salvament a la platja Port de la Selva<\/h2>\n<p>Temporada d&#8217;estiu: De dilluns a diumenge d\u201911:00 a 19:00 h.<\/p>\n<p>Telf: 972 126 600<\/p>\n<h2>Embarcacions de salvament<\/h2>\n<p>Disposem de dues embarcacions de salvament:<\/p>\n<p style=\"text-align: justify;\">Una pneum\u00e0tica de 4,20m i 25 cv tripulada pel socorristes de la platja del Port de la Selva contractats per l&#8217;ajuntament (operativa durant la temporada d&#8217;estiu)<\/p>\n<p style=\"text-align: justify;\">Una semirigida de 7,50m i 200 cv operada pels voluntaris de protecci\u00f3 civil (operativa la major part de l&#8217;any).<\/p>\n<h2>Unitats d&#8217;intervenci\u00f3<\/h2>\n<p style=\"text-align: justify;\">Disposem d&#8217;un vehicle 4&#215;4 i dues motocicletes tot terreny per les tasques de protecci\u00f3 civil i emerg\u00e8ncies.<\/p>\n<p style=\"text-align: justify;\">Aquestes unitats estan a disposici\u00f3 dels voluntaris de protecci\u00f3 civil tot l&#8217;any.<\/p>\n<h2>Unitat de suport<\/h2>\n<p style=\"text-align: justify;\">Disposem d&#8217;una unitat de suport vital b\u00e0sic pels serveis de salvament a les platges i per col\u00b7laborar en situacions d&#8217;emerg\u00e8ncia.<\/p>\n<p style=\"text-align: justify;\">Aquesa unitat \u00e9s operdada pels voluntaris de protecci\u00f3 civil quan es considera necessari.<\/p>\n","protected":false},"excerpt":{"rendered":"<p>Qui som? L\u00b4Associaci\u00f3 de voluntaris de Protecci\u00f3 civil del Port de la Selva neix a principis del 2011 amb la voluntat de donar cabuda a l\u00b4organitzaci\u00f3 i gesti\u00f3 d\u00b4activitats d\u00b4un grup de ciutadans que, de manera volunt\u00e0ria i desinteressada, volien oferir col.laboraci\u00f3 a necessitats del municipi en el camp de la protecci\u00f3 a la ciutadania. [&#8230;]<\/p>\n<p><a class=\"btn btn-secondary understrap-read-more-link\" href=\"https:\/\/avpcelportdelaselva.cat\/blog\/\">Llegir m\u00e9s &#8230;<\/a><\/p>\n","protected":false},"author":1,"featured_media":0,"parent":0,"menu_order":0,"comment_status":"closed","ping_status":"closed","template":"","meta":{"footnotes":""},"class_list":["post-37","page","type-page","status-publish","hentry"],"_links":{"self":[{"href":"https:\/\/avpcelportdelaselva.cat\/blog\/wp-json\/wp\/v2\/pages\/37","targetHints":{"allow":["GET"]}}],"collection":[{"href":"https:\/\/avpcelportdelaselva.cat\/blog\/wp-json\/wp\/v2\/pages"}],"about":[{"href":"https:\/\/avpcelportdelaselva.cat\/blog\/wp-json\/wp\/v2\/types\/page"}],"author":[{"embeddable":true,"href":"https:\/\/avpcelportdelaselva.cat\/blog\/wp-json\/wp\/v2\/users\/1"}],"replies":[{"embeddable":true,"href":"https:\/\/avpcelportdelaselva.cat\/blog\/wp-json\/wp\/v2\/comments?post=37"}],"version-history":[{"count":11,"href":"https:\/\/avpcelportdelaselva.cat\/blog\/wp-json\/wp\/v2\/pages\/37\/revisions"}],"predecessor-version":[{"id":89,"href":"https:\/\/avpcelportdelaselva.cat\/blog\/wp-json\/wp\/v2\/pages\/37\/revisions\/89"}],"wp:attachment":[{"href":"https:\/\/avpcelportdelaselva.cat\/blog\/wp-json\/wp\/v2\/media?parent=37"}],"curies":[{"name":"wp","href":"https:\/\/api.w.org\/{rel}","templated":true}]}}