{"id":2,"date":"2021-08-02T11:23:46","date_gmt":"2021-08-02T11:23:46","guid":{"rendered":"http:\/\/avpcelportdelaselva.cat\/blog\/?page_id=2"},"modified":"2021-08-11T09:22:21","modified_gmt":"2021-08-11T07:22:21","slug":"pagina-ejemplo","status":"publish","type":"page","link":"https:\/\/avpcelportdelaselva.cat\/blog\/pagina-ejemplo\/","title":{"rendered":"Associaci\u00f3 de Voluntaris de Protecci\u00f3 Civil del Port de la Selva"},"content":{"rendered":"<p style=\"text-align: justify;\"><img loading=\"lazy\" decoding=\"async\" class=\"alignleft size-thumbnail wp-image-9\" src=\"http:\/\/192.168.1.102\/Cesi\/avpcelportdelaselva.cat\/html\/blog\/wp-content\/uploads\/2021\/08\/logo_400x400-150x150.jpg\" alt=\"AV PROTECCI\u00d3 CIVIL ELPORTDELASELVA\" width=\"150\" height=\"150\" srcset=\"https:\/\/avpcelportdelaselva.cat\/blog\/wp-content\/uploads\/2021\/08\/logo_400x400-150x150.jpg 150w, https:\/\/avpcelportdelaselva.cat\/blog\/wp-content\/uploads\/2021\/08\/logo_400x400-300x300.jpg 300w, https:\/\/avpcelportdelaselva.cat\/blog\/wp-content\/uploads\/2021\/08\/logo_400x400.jpg 319w\" sizes=\"auto, (max-width: 150px) 100vw, 150px\" \/>Els Ajuntaments tenen atribu\u00efdes compet\u00e8ncies en mat\u00e8ria de Protecci\u00f3 Civil de conformitat amb els articles 25 i 26 de la Llei 7\/1985 de 2 d\u2019abril de Regim Local i els art. 63 i 64 de la Llei 8\/1987 de 15 d\u2019abril Municipal i de Regim Local de Catalunya, entre altres disposicions concordants, en ordre a la realitzaci\u00f3 d\u2019activitats per a la protecci\u00f3 de les persones i bens en actes i iniciatives ciutadanes habituals, i tamb\u00e9 en situacions d\u2019emerg\u00e8ncies.<\/p>\n<p style=\"text-align: justify;\">L\u2019Exercici d\u2019aquestes compet\u00e8ncies pot portar-se a terme fonamentalment mitjan\u00e7ant les actuacions dels serveis municipals i altres serveis p\u00fablics existents. Amb tot per\u00f2 es preveu la possibilitat de disposar d\u2019un servei civil de col\u00b7laboraci\u00f3 dels ciutadans en aquestes tasques.<\/p>\n<p style=\"text-align: justify;\">A fi de regular aquesta col\u00b7laboraci\u00f3 es va formar l\u2019Associaci\u00f3 de Voluntaris de Protecci\u00f3 civil del Port de la Selva de la qual hi formaven part lliurament un grup de persones compromeses en col\u00b7laborar en actes i iniciatives ciutadanes i participar i donar suport en situacions de risc o emerg\u00e8ncia.<\/p>\n<p style=\"text-align: justify;\">Aquesta Associaci\u00f3 que org\u00e0nicament dep\u00e8n de l\u2019Alcalde i\/o regidor delegat exerceix les funcions de Protecci\u00f3 civil municipal, d\u2019acord amb el que disposa el Reglament de les Associacions del Voluntariat de Protecci\u00f3 Civil, aprovat per el Decret 27\/2001 de 23 de gener, tot desenvolupant la Llei 4\/1997 de Protecci\u00f3 civil.<\/p>\n<p style=\"text-align: justify;\">L&#8217;Associaci\u00f3 de Voluntaris de Protecci\u00f3 civil del Port de la Selva acull la participaci\u00f3 ciutadana de forma regulada en la col\u00b7laboraci\u00f3 desinteressada en tasques de Protecci\u00f3 Civil dins la localitat.<\/p>\n<p style=\"text-align: justify;\">\u00c9s el propi Ajuntament qui ha reconegut aquesta associaci\u00f3, que est\u00e0 inscrita en el Registre General d\u2019Associacions de Catalunya i tamb\u00e9 en el Registre Especial que a tal efecte ha creat el Departament d\u2019Interior.<\/p>\n<p style=\"text-align: justify;\">La participaci\u00f3 dels Voluntaris integrats en l\u2019Associaci\u00f3 en les tasques de Protecci\u00f3 civil del municipi dependran del Alcalde o Regidor delegat en l\u2019\u00e0mbit de la Protecci\u00f3 civil i en tot cas a la Unitat responsable dels serveis de Protecci\u00f3 civil del municipi.<\/p>\n<p style=\"text-align: justify;\">L\u2019Ajuntament de fa el nomenament dels Voluntaris de Protecci\u00f3 civil a proposta de l\u2019Associaci\u00f3 i sempre i quant compleixin els requisits que fixa la normativa vigent respecta a l\u2019article 15\u00e8. del Decret 27\/2001 i disposicions concordants.<\/p>\n<p style=\"text-align: justify;\">La vinculaci\u00f3 dels Voluntaris amb l\u2019Ajuntament no te car\u00e0cter de relaci\u00f3 laboral o administrativa, sin\u00f3 tan sols de col\u00b7laboraci\u00f3 volunt\u00e0ria per la prestaci\u00f3 de serveis de manera gratu\u00efta i altruista.<\/p>\n<p style=\"text-align: justify;\">Sense perjudici del regim econ\u00f2mic general de l\u2019Associaci\u00f3, l\u2019Ajuntament col\u00b7laborar\u00e0 amb l\u2019Associaci\u00f3 en la mesura de lo possible i d\u2019acord amb el que anyalment es fixi en els pressupostos municipals.<\/p>\n<p style=\"text-align: justify;\">Aix\u00ed mateix es fa c\u00e0rrec del cost de l\u2019Asseguran\u00e7a de Responsabilitat Civil i d\u2019Accidents dels membres de l\u2019Associaci\u00f3 i col\u00b7laborar\u00e0 en la formaci\u00f3 del Voluntariat segons una programaci\u00f3 que s\u2019aprovar\u00e0 i es concretar\u00e0 anualment.<\/p>\n<p style=\"text-align: justify;\">L\u2019Associaci\u00f3, proposar\u00e0 a l\u2019Ajuntament el nomenament d\u2019entre els seus membres d\u2019un Cap Operatiu el qual tindr\u00e0 les funcions d\u2019organitzar la participaci\u00f3 del Voluntaris en qualsevol actuaci\u00f3 o activitat a inst\u00e0ncies del Responsable municipal de l\u2019\u00e0mbit de Protecci\u00f3 civil del municipi i de com\u00fa acord amb ell.<\/p>\n<p style=\"text-align: justify;\">L\u2019Associaci\u00f3 a mes de prestar els seus serveis en situacions de risc o emerg\u00e8ncia col\u00b7laborar\u00e0 en activitats de car\u00e0cter social, esportives, culturals, c\u00edviques del municipi.<\/p>\n","protected":false},"excerpt":{"rendered":"<p>Els Ajuntaments tenen atribu\u00efdes compet\u00e8ncies en mat\u00e8ria de Protecci\u00f3 Civil de conformitat amb els articles 25 i 26 de la Llei 7\/1985 de 2 d\u2019abril de Regim Local i els art. 63 i 64 de la Llei 8\/1987 de 15 d\u2019abril Municipal i de Regim Local de Catalunya, entre altres disposicions concordants, en ordre a [&#8230;]<\/p>\n<p><a class=\"btn btn-secondary understrap-read-more-link\" href=\"https:\/\/avpcelportdelaselva.cat\/blog\/pagina-ejemplo\/\">Llegir m\u00e9s &#8230;<\/a><\/p>\n","protected":false},"author":1,"featured_media":0,"parent":0,"menu_order":0,"comment_status":"closed","ping_status":"open","template":"","meta":{"footnotes":""},"class_list":["post-2","page","type-page","status-publish","hentry"],"_links":{"self":[{"href":"https:\/\/avpcelportdelaselva.cat\/blog\/wp-json\/wp\/v2\/pages\/2","targetHints":{"allow":["GET"]}}],"collection":[{"href":"https:\/\/avpcelportdelaselva.cat\/blog\/wp-json\/wp\/v2\/pages"}],"about":[{"href":"https:\/\/avpcelportdelaselva.cat\/blog\/wp-json\/wp\/v2\/types\/page"}],"author":[{"embeddable":true,"href":"https:\/\/avpcelportdelaselva.cat\/blog\/wp-json\/wp\/v2\/users\/1"}],"replies":[{"embeddable":true,"href":"https:\/\/avpcelportdelaselva.cat\/blog\/wp-json\/wp\/v2\/comments?post=2"}],"version-history":[{"count":1,"href":"https:\/\/avpcelportdelaselva.cat\/blog\/wp-json\/wp\/v2\/pages\/2\/revisions"}],"predecessor-version":[{"id":12,"href":"https:\/\/avpcelportdelaselva.cat\/blog\/wp-json\/wp\/v2\/pages\/2\/revisions\/12"}],"wp:attachment":[{"href":"https:\/\/avpcelportdelaselva.cat\/blog\/wp-json\/wp\/v2\/media?parent=2"}],"curies":[{"name":"wp","href":"https:\/\/api.w.org\/{rel}","templated":true}]}}